{"id":2217,"date":"2025-01-30T20:58:36","date_gmt":"2025-01-30T20:58:36","guid":{"rendered":"https:\/\/aromalaundry.net\/?page_id=2217"},"modified":"2025-02-03T19:52:37","modified_gmt":"2025-02-03T19:52:37","slug":"commercial","status":"publish","type":"page","link":"https:\/\/aromalaundry.net\/es\/commercial\/","title":{"rendered":"Comercial"},"content":{"rendered":"<div class=\"wp-block-uagb-container uag-hide-tab uag-hide-mob uagb-block-344bf4c5 alignfull uagb-is-root-container\"><div class=\"uagb-container-inner-blocks-wrap\">\n<div class=\"wp-block-uagb-advanced-heading uagb-block-eb0607d4\"><h2 class=\"uagb-heading-text\">LAVANDER\u00cdA COMERCIAL<\/h2><\/div>\n\n\n\n<div class=\"wp-block-uagb-advanced-heading uagb-block-675ee1e6\"><h2 class=\"uagb-heading-text\">SERVICIOS DE LAVADO<\/h2><\/div>\n\n\n\n<div class=\"wp-block-uagb-advanced-heading uagb-block-51b145f7\"><h2 class=\"uagb-heading-text\">Cerca de Laurel, Beltsville, Burtonsville, Greenbelt, Colesville,<br>Clarksville, Columbia &amp; Bowie<\/h2><\/div>\n\n\n\n<div class=\"wp-block-uagb-buttons uagb-buttons__outer-wrap uagb-btn__default-btn uagb-btn-tablet__default-btn uagb-btn-mobile__default-btn uagb-block-40dfcf27\"><div class=\"uagb-buttons__wrap uagb-buttons-layout-wrap\">\n<div class=\"wp-block-uagb-buttons-child uagb-buttons__outer-wrap uagb-block-87bd8d3a wp-block-button\"><div class=\"uagb-button__wrapper\"><a class=\"uagb-buttons-repeater wp-block-button__link\" aria-label=\"\" href=\"https:\/\/aromalaundry.net\/es\/contactus\/\" rel=\"follow noopener\" target=\"_self\" role=\"button\"><div class=\"uagb-button__link\">Comienza Ahora<\/div><\/a><\/div><\/div>\n<\/div><\/div>\n<\/div><\/div>\n\n\n\n<div class=\"wp-block-uagb-container uag-hide-desktop uagb-block-4a0d02b3 alignfull uagb-is-root-container\"><div class=\"uagb-container-inner-blocks-wrap\">\n<div class=\"wp-block-uagb-advanced-heading uagb-block-12fb931f\"><h2 class=\"uagb-heading-text\">COMMERCIAL LAUNDRY <\/h2><\/div>\n\n\n\n<div class=\"wp-block-uagb-advanced-heading uagb-block-e63b5420\"><h2 class=\"uagb-heading-text\">SERVICIOS DE LAVADO<\/h2><\/div>\n\n\n\n<div class=\"wp-block-uagb-advanced-heading uagb-block-eee70d8b\"><h2 class=\"uagb-heading-text\">Cerca de Laurel, Beltsville, Burtonsville, Greenbelt, Colesville,<br>Clarksville, Columbia &amp; Bowie<\/h2><\/div>\n\n\n\n<div class=\"wp-block-uagb-buttons uagb-buttons__outer-wrap uagb-btn__default-btn uagb-btn-tablet__default-btn uagb-btn-mobile__default-btn uagb-block-ad2b22d9\"><div class=\"uagb-buttons__wrap uagb-buttons-layout-wrap\">\n<div class=\"wp-block-uagb-buttons-child uagb-buttons__outer-wrap uagb-block-b114b255 wp-block-button\"><div class=\"uagb-button__wrapper\"><a class=\"uagb-buttons-repeater wp-block-button__link\" aria-label=\"\" href=\"https:\/\/aromalaundry.net\/es\/contactus\/\" rel=\"follow noopener\" target=\"_self\" role=\"button\"><div class=\"uagb-button__link\">Comienza Ahora<\/div><\/a><\/div><\/div>\n<\/div><\/div>\n<\/div><\/div>\n\n\n\n<div class=\"wp-block-uagb-container uag-hide-tab uag-hide-mob uagb-block-c93ddd66 alignfull uagb-is-root-container\"><div class=\"uagb-container-inner-blocks-wrap\">\n<div class=\"wp-block-group is-layout-constrained wp-block-group-is-layout-constrained\">\n<div class=\"wp-block-uagb-advanced-heading uagb-block-4caa8d11\"><h2 class=\"uagb-heading-text\">DEJENOS AYUDARTE<\/h2><\/div>\n\n\n\n<div class=\"wp-block-group is-nowrap is-layout-flex wp-container-core-group-is-layout-2 wp-block-group-is-layout-flex\" style=\"padding-top:var(--wp--preset--spacing--70);padding-right:var(--wp--preset--spacing--80);padding-bottom:var(--wp--preset--spacing--70);padding-left:var(--wp--preset--spacing--80)\">\n<div class=\"wp-block-group is-vertical is-layout-flex wp-container-core-group-is-layout-1 wp-block-group-is-layout-flex\">\n<div class=\"wp-block-uagb-advanced-heading uagb-block-2367b189\"><h2 class=\"uagb-heading-text\">\u00bfTienes un negocio en Laurel? El tiempo es dinero y pasar tu tiempo haciendo la colada no es bueno para los negocios. Aroma Laundry ofrece servicio de lavander\u00eda comercial para adaptarse a cualquier tipo de negocio.<br>Trabajaremos contigo para programar una hora de recogida y entrega que te convenga. Toda tu lavander\u00eda ser\u00e1 lavada y secada por separado de otros pedidos. Doblar\u00e9mos todos los art\u00edculos de manera ordenada y los envolveremos en pl\u00e1stico protector. D\u00e9janos encargarnos de todas tus toallas y s\u00e1banas.<br>El costo de nuestra lavander\u00eda comercial depende de la cantidad de lavander\u00eda que generes, la frecuencia con la que necesites nuestro servicio y el tipo de lavander\u00eda que manejemos para ti. <\/h2><\/div>\n\n\n\n<div class=\"wp-block-uagb-buttons uagb-buttons__outer-wrap uagb-btn__default-btn uagb-btn-tablet__default-btn uagb-btn-mobile__default-btn uagb-block-9b3c2b0e\"><div class=\"uagb-buttons__wrap uagb-buttons-layout-wrap\">\n<div class=\"wp-block-uagb-buttons-child uagb-buttons__outer-wrap uagb-block-30399f7c wp-block-button\"><div class=\"uagb-button__wrapper\"><a class=\"uagb-buttons-repeater wp-block-button__link\" aria-label=\"\" href=\"mailto:aromalaundryllc@gmail.com?subject=I%20WANT%20MORE%20INFORMATION%20FOR%20COMMERCIAL\" rel=\"follow noopener\" target=\"_self\" role=\"button\"><div class=\"uagb-button__link\">Aprender M\u00e1s<\/div><\/a><\/div><\/div>\n<\/div><\/div>\n<\/div>\n<\/div>\n<\/div>\n<\/div><\/div>\n\n\n\n<div class=\"wp-block-uagb-container uag-hide-desktop uag-hide-tab uagb-block-611c9745 alignfull uagb-is-root-container\"><div class=\"uagb-container-inner-blocks-wrap\">\n<div class=\"wp-block-group is-layout-constrained wp-block-group-is-layout-constrained\">\n<div class=\"wp-block-uagb-advanced-heading uagb-block-4d55f3a9\"><h2 class=\"uagb-heading-text\">DEJENOS AYUDARTE<\/h2><\/div>\n\n\n\n<div class=\"wp-block-group is-nowrap is-layout-flex wp-container-core-group-is-layout-5 wp-block-group-is-layout-flex\" style=\"padding-top:var(--wp--preset--spacing--70);padding-right:0;padding-bottom:var(--wp--preset--spacing--70);padding-left:0\">\n<div class=\"wp-block-group is-vertical is-layout-flex wp-container-core-group-is-layout-4 wp-block-group-is-layout-flex\">\n<div class=\"wp-block-uagb-advanced-heading uagb-block-dd46dd83\"><h2 class=\"uagb-heading-text\">\u00bfTienes un negocio en Laurel? El tiempo es dinero y pasar tu tiempo haciendo la colada no es bueno para los negocios. Aroma Laundry ofrece servicio de lavander\u00eda comercial para adaptarse a cualquier tipo de negocio.<br>Trabajaremos contigo para programar una hora de recogida y entrega que te convenga. Toda tu lavander\u00eda ser\u00e1 lavada y secada por separado de otros pedidos. Doblar\u00e9mos todos los art\u00edculos de manera ordenada y los envolveremos en pl\u00e1stico protector. D\u00e9janos encargarnos de todas tus toallas y s\u00e1banas.<br>El costo de nuestra lavander\u00eda comercial depende de la cantidad de lavander\u00eda que generes, la frecuencia con la que necesites nuestro servicio y el tipo de lavander\u00eda que manejemos para ti.<\/h2><\/div>\n\n\n\n<div class=\"wp-block-uagb-buttons uagb-buttons__outer-wrap uagb-btn__default-btn uagb-btn-tablet__default-btn uagb-btn-mobile__default-btn uagb-block-de7ee267 centrar-boton\"><div class=\"uagb-buttons__wrap uagb-buttons-layout-wrap\">\n<div class=\"wp-block-uagb-buttons-child uagb-buttons__outer-wrap uagb-block-bec4bec1 wp-block-button\"><div class=\"uagb-button__wrapper\"><a class=\"uagb-buttons-repeater wp-block-button__link\" aria-label=\"\" href=\"tel:412-337-9151\" rel=\"follow noopener\" target=\"_self\" role=\"button\"><div class=\"uagb-button__link\">Aprender M\u00e1s<\/div><\/a><\/div><\/div>\n<\/div><\/div>\n<\/div>\n<\/div>\n<\/div>\n<\/div><\/div>\n\n\n\n<div class=\"wp-block-uagb-container uagb-block-bd888d46 alignfull uagb-is-root-container\"><div class=\"uagb-container-inner-blocks-wrap\">\n<div class=\"wp-block-uagb-advanced-heading uagb-block-77ca9715\"><h2 class=\"uagb-heading-text\">FAQ<\/h2><\/div>\n\n\n\n<div class=\"wp-block-uagb-container uagb-block-8fc5e89a\">\n<div class=\"wp-block-uagb-slider uagb-block-307e0f32 uagb-slider-container\"><div class=\"uagb-slides uagb-swiper\"><div class=\"swiper-wrapper\">\n<div class=\"wp-block-uagb-slider-child uagb-slider-child-wrap swiper-slide uagb-block-1b48ced0\"><div class=\"swiper-content\">\n<div class=\"wp-block-uagb-container uagb-block-1c784113 alignfull uagb-is-root-container\"><div class=\"uagb-container-inner-blocks-wrap\">\n<div class=\"wp-block-uagb-info-box uagb-block-6f589080 uagb-infobox__content-wrap  uagb-infobox-icon-above-title uagb-infobox-image-valign-top\"><div class=\"uagb-ifb-content\"><div class=\"uagb-ifb-title-wrap\"><h3 class=\"uagb-ifb-title\">Servicio de lavander\u00eda comercial y limpieza de toallas para<br>Vacation Rentals, Airbnb, VRBO, and HomeAway<\/h3><\/div><p class=\"uagb-ifb-desc\">Administrar un alquiler vacacional, Airbnb, VRBO y HomeAway requiere mucho tiempo<br>siempre hay montones y montones de ropa sucia despu\u00e9s de que cada hu\u00e9sped se va. No pierdas tu tiempo haciendo<br>el lavado y secado. Cuando solicites nuestro servicio de lavander\u00eda Airbnb, nos encargaremos de todos tus<br>s\u00e1banas, almohadas, mantas, edredones, toallas, alfombras y trapos de limpieza.<\/p><div class=\"uagb-ifb-button-wrapper wp-block-button\"><a href=\"mailto:aromalaundryllc@gmail.com?subject=I%20WANT%20MORE%20INFORMATION%20FOR%20COMMERCIAL\" class=\"uagb-infobox-cta-link wp-block-button__link\" target=\"_self\" rel=\"noopener noreferrer\" onclick=\"return true;\"><span class=\"uagb-inline-editing\">Aprender M\u00e1s<\/span><\/a><\/div><\/div><\/div>\n<\/div><\/div>\n<\/div><\/div>\n\n\n\n<div class=\"wp-block-uagb-slider-child uagb-slider-child-wrap swiper-slide uagb-block-62b7ec66\"><div class=\"swiper-content\">\n<div class=\"wp-block-uagb-container uagb-block-6dd7b4db alignfull uagb-is-root-container\"><div class=\"uagb-container-inner-blocks-wrap\">\n<div class=\"wp-block-uagb-info-box uagb-block-0112e8ab uagb-infobox__content-wrap  uagb-infobox-icon-above-title uagb-infobox-image-valign-top\"><div class=\"uagb-ifb-content\"><div class=\"uagb-ifb-title-wrap\"><h3 class=\"uagb-ifb-title\">Servicio de lavander\u00eda comercial y limpieza de ropa de cama a largo plazo<br>Alquileres a plazos y apartamentos<\/h3><\/div><p class=\"uagb-ifb-desc\">Los alquileres a largo plazo y los apartamentos gastan mucho dinero en lavadoras y secadoras costosas para sus<br>inquilinos. Ahorre dinero y haga que sus inquilinos programen nuestro servicio de lavander\u00eda para apartamentos.<br>nos encargaremos de toda su ropa personal y de su ropa de cama tan a menudo como sea necesario.<\/p><div class=\"uagb-ifb-button-wrapper wp-block-button\"><a href=\"mailto:aromalaundryllc@gmail.com?subject=I%20WANT%20MORE%20INFORMATION%20FOR%20COMMERCIAL\" class=\"uagb-infobox-cta-link wp-block-button__link\" target=\"_self\" rel=\"noopener noreferrer\" onclick=\"return true;\"><span class=\"uagb-inline-editing\">Aprender M\u00e1s<\/span><\/a><\/div><\/div><\/div>\n<\/div><\/div>\n<\/div><\/div>\n\n\n\n<div class=\"wp-block-uagb-slider-child uagb-slider-child-wrap swiper-slide uagb-block-b788a0eb\"><div class=\"swiper-content\">\n<div class=\"wp-block-uagb-container uagb-block-4be6e2e1 alignfull uagb-is-root-container\"><div class=\"uagb-container-inner-blocks-wrap\">\n<div class=\"wp-block-uagb-info-box uagb-block-c8e241a4 uagb-infobox__content-wrap  uagb-infobox-icon-above-title uagb-infobox-image-valign-top\"><div class=\"uagb-ifb-content\"><div class=\"uagb-ifb-title-wrap\"><h3 class=\"uagb-ifb-title\">Servicio de lavander\u00eda comercial y limpieza de toallas para<br>oficinas de terapia de masajes<\/h3><\/div><p class=\"uagb-ifb-desc\">Los sonidos tranquilos y los aromas agradables son lo que las personas esperan en una oficina de terapia de masajes.<br>No lavadoras ruidosas, secadoras ni toallas con mal olor. Programa nuestro servicio de limpieza de toallas y nosotros<br>nos encargaremos de todas tus s\u00e1banas, toallas, uniformes, batas y mantas.<\/p><div class=\"uagb-ifb-button-wrapper wp-block-button\"><a href=\"mailto:aromalaundryllc@gmail.com?subject=I%20WANT%20MORE%20INFORMATION%20FOR%20COMMERCIAL\" class=\"uagb-infobox-cta-link wp-block-button__link\" target=\"_self\" rel=\"noopener noreferrer\" onclick=\"return true;\"><span class=\"uagb-inline-editing\">Aprender M\u00e1s<\/span><\/a><\/div><\/div><\/div>\n<\/div><\/div>\n<\/div><\/div>\n\n\n\n<div class=\"wp-block-uagb-slider-child uagb-slider-child-wrap swiper-slide uagb-block-4b9596f8\"><div class=\"swiper-content\">\n<div class=\"wp-block-uagb-container uagb-block-cdf42ba7 alignfull uagb-is-root-container\"><div class=\"uagb-container-inner-blocks-wrap\">\n<div class=\"wp-block-uagb-info-box uagb-block-7562a4cc uagb-infobox__content-wrap  uagb-infobox-icon-above-title uagb-infobox-image-valign-top\"><div class=\"uagb-ifb-content\"><div class=\"uagb-ifb-title-wrap\"><h3 class=\"uagb-ifb-title\">Servicio de lavander\u00eda comercial y limpieza de toallas para spas<br>y Salones<\/h3><\/div><p class=\"uagb-ifb-desc\">Los spas y salones usan una gran cantidad de toallas cada d\u00eda. Todas esas toallas necesitan ser lavadas,<br>secadas y dobladas para el d\u00eda siguiente. Prueba nuestro servicio de limpieza de toallas y deja que nuestro personal se encargue de la lavanderia<br>para ti, Doblaremos tus toallas como m\u00e1s te guste y las envolveremos en pl\u00e1stico protector para<br>sellar el frescor del aroma reci\u00e9n salido de la secadora.<\/p><div class=\"uagb-ifb-button-wrapper wp-block-button\"><a href=\"mailto:aromalaundryllc@gmail.com?subject=I%20WANT%20MORE%20INFORMATION%20FOR%20COMMERCIAL\" class=\"uagb-infobox-cta-link wp-block-button__link\" target=\"_self\" rel=\"noopener noreferrer\" onclick=\"return true;\"><span class=\"uagb-inline-editing\">Aprender M\u00e1s<\/span><\/a><\/div><\/div><\/div>\n<\/div><\/div>\n<\/div><\/div>\n\n\n\n<div class=\"wp-block-uagb-slider-child uagb-slider-child-wrap swiper-slide uagb-block-73e0c84a\"><div class=\"swiper-content\">\n<div class=\"wp-block-uagb-container uagb-block-371296dd alignfull uagb-is-root-container\"><div class=\"uagb-container-inner-blocks-wrap\">\n<div class=\"wp-block-uagb-info-box uagb-block-e48e52b8 uagb-infobox__content-wrap  uagb-infobox-icon-above-title uagb-infobox-image-valign-top\"><div class=\"uagb-ifb-content\"><div class=\"uagb-ifb-title-wrap\"><h3 class=\"uagb-ifb-title\">Servicio de lavander\u00eda comercial y limpieza de toallas para<br>restaurantes<\/h3><\/div><p class=\"uagb-ifb-desc translation-block\">En los restaurantes es normal que se derramen l\u00edquidos. No podemos ayudarte con eso, pero podemos limpiar todos tus manteles, servilletas, toallas y fundas de sillas. Incluso podemos ayudarte a mantener tus uniformes y delantales con el mejor aspecto. \u00a1Pregunta hoy mismo por nuestro servicio de lavander\u00eda para restaurantes!<\/p><div class=\"uagb-ifb-button-wrapper wp-block-button\"><a href=\"mailto:aromalaundryllc@gmail.com?subject=I%20WANT%20MORE%20INFORMATION%20FOR%20COMMERCIAL\" class=\"uagb-infobox-cta-link wp-block-button__link\" target=\"_self\" rel=\"noopener noreferrer\" onclick=\"return true;\"><span class=\"uagb-inline-editing\">Aprender M\u00e1s<\/span><\/a><\/div><\/div><\/div>\n<\/div><\/div>\n<\/div><\/div>\n\n\n\n<div class=\"wp-block-uagb-slider-child uagb-slider-child-wrap swiper-slide uagb-block-028326d9\"><div class=\"swiper-content\">\n<div class=\"wp-block-uagb-container uagb-block-11369a1c alignfull uagb-is-root-container\"><div class=\"uagb-container-inner-blocks-wrap\">\n<div class=\"wp-block-uagb-info-box uagb-block-6d330692 uagb-infobox__content-wrap  uagb-infobox-icon-above-title uagb-infobox-image-valign-top\"><div class=\"uagb-ifb-content\"><div class=\"uagb-ifb-title-wrap\"><h3 class=\"uagb-ifb-title\">Servicio de lavander\u00eda comercial y limpieza de ropa de cama para hoteles<br>y Moteles<\/h3><\/div><p class=\"uagb-ifb-desc\">Los hoteles y moteles utilizan una gran cantidad de ropa de cama cada d\u00eda. Ya sea que se trate de un hotel grande o<br>Si es un motel peque\u00f1o, puede solicitar nuestro servicio de limpieza de ropa de cama. Trabajaremos con usted para determinar<br>con qu\u00e9 frecuencia necesitar\u00e1 nuestro servicio. Nos encargaremos de todas sus toallas, s\u00e1banas, mantas,<br>edredones, toallas de piscina, uniformes, batas y trapos de limpieza. \u00a1Cont\u00e1ctenos hoy para una cotizaci\u00f3n!<\/p><div class=\"uagb-ifb-button-wrapper wp-block-button\"><a href=\"mailto:aromalaundryllc@gmail.com?subject=I%20WANT%20MORE%20INFORMATION%20FOR%20COMMERCIAL\" class=\"uagb-infobox-cta-link wp-block-button__link\" target=\"_self\" rel=\"noopener noreferrer\" onclick=\"return true;\"><span class=\"uagb-inline-editing\">Aprender M\u00e1s<\/span><\/a><\/div><\/div><\/div>\n<\/div><\/div>\n<\/div><\/div>\n<\/div><\/div><div class=\"swiper-pagination\"><\/div><div class=\"swiper-button-prev\"><\/div><div class=\"swiper-button-next\"><\/div><\/div>\n<\/div>\n<\/div><\/div>\n\n\n\n<div class=\"wp-block-uagb-container uag-hide-mob uagb-block-3910331a alignfull uagb-is-root-container\"><div class=\"uagb-container-inner-blocks-wrap\">\n<div class=\"wp-block-uagb-advanced-heading uagb-block-1b19f431\"><h2 class=\"uagb-heading-text\">NUESTRA UBICACI\u00d3N<\/h2><\/div>\n\n\n\n<div class=\"wp-block-uagb-container map-container uagb-block-5ed131e0\">\n<iframe src=\"https:\/\/www.google.com\/maps\/embed?pb=!1m18!1m12!1m3!1d3097.3205096394618!2d-76.87087609999999!3d39.076396599999995!2m3!1f0!2f0!3f0!3m2!1i1024!2i768!4f13.1!3m3!1m2!1s0x89b7dd34db779497%3A0xcc6e76013ea92814!2sAroma%20Laundry!5e0!3m2!1ses-419!2sus!4v1738611818243!5m2!1ses-419!2sus\" width=\"600\" height=\"450\" style=\"border:0;\" allowfullscreen=\"\" loading=\"lazy\" referrerpolicy=\"no-referrer-when-downgrade\"><\/iframe>\n<\/div>\n\n\n\n<div class=\"wp-block-uagb-advanced-heading uagb-block-0053c2f5\"><h2 class=\"uagb-heading-text\">13470 Baltimore Ave,<\/h2><\/div>\n\n\n\n<div class=\"wp-block-uagb-advanced-heading uagb-block-b045366a\"><h2 class=\"uagb-heading-text\">Laurel, MD 20707<\/h2><\/div>\n\n\n\n<div class=\"wp-block-uagb-advanced-heading uagb-block-6936cb6c\"><h2 class=\"uagb-heading-text\"><a href=\"tel: +1 412-337-9151\" title=\"+1 412-337-9151\">+1 412-337-9151<\/a><\/h2><\/div>\n\n\n\n<div class=\"wp-block-uagb-buttons uagb-buttons__outer-wrap uagb-btn__default-btn uagb-btn-tablet__default-btn uagb-btn-mobile__default-btn uagb-block-7108892e\"><div class=\"uagb-buttons__wrap uagb-buttons-layout-wrap\">\n<div class=\"wp-block-uagb-buttons-child uagb-buttons__outer-wrap uagb-block-7e821451 wp-block-button\"><div class=\"uagb-button__wrapper\"><a class=\"uagb-buttons-repeater wp-block-button__link\" aria-label=\"\" href=\"https:\/\/maps.app.goo.gl\/rMbT6SkuxodUugyh7\" rel=\"follow noopener\" target=\"_self\" role=\"button\"><div class=\"uagb-button__link\">Aprender M\u00e1s<\/div><\/a><\/div><\/div>\n<\/div><\/div>\n<\/div><\/div>\n\n\n\n<div class=\"wp-block-uagb-container uag-hide-desktop uag-hide-tab uagb-block-071f3296 alignfull uagb-is-root-container\"><div class=\"uagb-container-inner-blocks-wrap\">\n<div class=\"wp-block-uagb-advanced-heading uagb-block-a3f01fd9\"><h2 class=\"uagb-heading-text\">NUESTRA UBICACI\u00d3N<\/h2><\/div>\n\n\n\n<div class=\"wp-block-uagb-container uag-hide-desktop uag-hide-tab uagb-block-6dd9942a\">\n<iframe src=\"https:\/\/www.google.com\/maps\/embed?pb=!1m18!1m12!1m3!1d3097.38525116677!2d-76.87528280656994!3d39.0749216632139!2m3!1f0!2f0!3f0!3m2!1i1024!2i768!4f13.1!3m3!1m2!1s0x89b7dd2af6f6639d%3A0x233e615f641defe5!2s13472%20Baltimore%20Ave%2C%20Laurel%2C%20MD%2020707!5e0!3m2!1ses-419!2sus!4v1738155771507!5m2!1ses-419!2sus\" width=\"600\" height=\"450\" style=\"border:0;\" allowfullscreen=\"\" loading=\"lazy\" referrerpolicy=\"no-referrer-when-downgrade\"><\/iframe>\n<\/div>\n\n\n\n<div class=\"wp-block-uagb-advanced-heading uagb-block-e42999be\"><h2 class=\"uagb-heading-text\">13470 Baltimore Ave,<br>Laurel, MD 20707<\/h2><\/div>\n\n\n\n<div class=\"wp-block-uagb-buttons uagb-buttons__outer-wrap uagb-btn__default-btn uagb-btn-tablet__default-btn uagb-btn-mobile__default-btn uagb-block-07f903de\"><div class=\"uagb-buttons__wrap uagb-buttons-layout-wrap\">\n<div class=\"wp-block-uagb-buttons-child uagb-buttons__outer-wrap uagb-block-8fd139ca wp-block-button\"><div class=\"uagb-button__wrapper\"><a class=\"uagb-buttons-repeater wp-block-button__link\" aria-label=\"\" href=\"#\" rel=\"follow noopener\" target=\"_self\" role=\"button\"><div class=\"uagb-button__link\">Aprender M\u00e1s<\/div><\/a><\/div><\/div>\n<\/div><\/div>\n<\/div><\/div>","protected":false},"excerpt":{"rendered":"<p>COMMERCIAL LAUNDRY LINEN &amp; TOWEL CLEANING SERVICES Near Laurel, Beltsville, Burtonsville, Greenbelt, Colesville,Clarksville, Columbia &amp; Bowie COMMERCIAL LAUNDRY CLEANING SERVICES Near Laurel, Beltsville, Burtonsville, Greenbelt, Colesville,Clarksville, Columbia &amp; Bowie LET US HELP YOU Do you own a business in Laurel? Time is money and spending your time doing laundry isn&#8217;t good for business. Aroma laundry [&hellip;]<\/p>","protected":false},"author":1,"featured_media":0,"parent":0,"menu_order":0,"comment_status":"closed","ping_status":"closed","template":"","meta":{"_uag_custom_page_level_css":"","site-sidebar-layout":"default","site-content-layout":"page-builder","ast-site-content-layout":"full-width-container","site-content-style":"unboxed","site-sidebar-style":"unboxed","ast-global-header-display":"","ast-banner-title-visibility":"","ast-main-header-display":"","ast-hfb-above-header-display":"","ast-hfb-below-header-display":"","ast-hfb-mobile-header-display":"","site-post-title":"disabled","ast-breadcrumbs-content":"","ast-featured-img":"","footer-sml-layout":"","ast-disable-related-posts":"","theme-transparent-header-meta":"enabled","adv-header-id-meta":"","stick-header-meta":"","header-above-stick-meta":"","header-main-stick-meta":"","header-below-stick-meta":"","astra-migrate-meta-layouts":"set","ast-page-background-enabled":"default","ast-page-background-meta":{"desktop":{"background-color":"var(--ast-global-color-4)","background-image":"","background-repeat":"repeat","background-position":"center center","background-size":"auto","background-attachment":"scroll","background-type":"","background-media":"","overlay-type":"","overlay-color":"","overlay-opacity":"","overlay-gradient":""},"tablet":{"background-color":"","background-image":"","background-repeat":"repeat","background-position":"center center","background-size":"auto","background-attachment":"scroll","background-type":"","background-media":"","overlay-type":"","overlay-color":"","overlay-opacity":"","overlay-gradient":""},"mobile":{"background-color":"","background-image":"","background-repeat":"repeat","background-position":"center center","background-size":"auto","background-attachment":"scroll","background-type":"","background-media":"","overlay-type":"","overlay-color":"","overlay-opacity":"","overlay-gradient":""}},"ast-content-background-meta":{"desktop":{"background-color":"var(--ast-global-color-5)","background-image":"","background-repeat":"repeat","background-position":"center center","background-size":"auto","background-attachment":"scroll","background-type":"","background-media":"","overlay-type":"","overlay-color":"","overlay-opacity":"","overlay-gradient":""},"tablet":{"background-color":"var(--ast-global-color-5)","background-image":"","background-repeat":"repeat","background-position":"center center","background-size":"auto","background-attachment":"scroll","background-type":"","background-media":"","overlay-type":"","overlay-color":"","overlay-opacity":"","overlay-gradient":""},"mobile":{"background-color":"var(--ast-global-color-5)","background-image":"","background-repeat":"repeat","background-position":"center center","background-size":"auto","background-attachment":"scroll","background-type":"","background-media":"","overlay-type":"","overlay-color":"","overlay-opacity":"","overlay-gradient":""}},"footnotes":""},"class_list":["post-2217","page","type-page","status-publish","hentry"],"aioseo_notices":[],"uagb_featured_image_src":{"full":false,"thumbnail":false,"medium":false,"medium_large":false,"large":false,"1536x1536":false,"2048x2048":false,"trp-custom-language-flag":false},"uagb_author_info":{"display_name":"aromalaundryllc@gmail.com","author_link":"https:\/\/aromalaundry.net\/es\/author\/aromalaundryllcgmail-com\/"},"uagb_comment_info":0,"uagb_excerpt":"COMMERCIAL LAUNDRY LINEN &amp; TOWEL CLEANING SERVICES Near Laurel, Beltsville, Burtonsville, Greenbelt, Colesville,Clarksville, Columbia &amp; Bowie COMMERCIAL LAUNDRY CLEANING SERVICES Near Laurel, Beltsville, Burtonsville, Greenbelt, Colesville,Clarksville, Columbia &amp; Bowie LET US HELP YOU Do you own a business in Laurel? Time is money and spending your time doing laundry isn&#8217;t good for business. Aroma laundry&hellip;","_links":{"self":[{"href":"https:\/\/aromalaundry.net\/es\/wp-json\/wp\/v2\/pages\/2217","targetHints":{"allow":["GET"]}}],"collection":[{"href":"https:\/\/aromalaundry.net\/es\/wp-json\/wp\/v2\/pages"}],"about":[{"href":"https:\/\/aromalaundry.net\/es\/wp-json\/wp\/v2\/types\/page"}],"author":[{"embeddable":true,"href":"https:\/\/aromalaundry.net\/es\/wp-json\/wp\/v2\/users\/1"}],"replies":[{"embeddable":true,"href":"https:\/\/aromalaundry.net\/es\/wp-json\/wp\/v2\/comments?post=2217"}],"version-history":[{"count":21,"href":"https:\/\/aromalaundry.net\/es\/wp-json\/wp\/v2\/pages\/2217\/revisions"}],"predecessor-version":[{"id":2265,"href":"https:\/\/aromalaundry.net\/es\/wp-json\/wp\/v2\/pages\/2217\/revisions\/2265"}],"wp:attachment":[{"href":"https:\/\/aromalaundry.net\/es\/wp-json\/wp\/v2\/media?parent=2217"}],"curies":[{"name":"wp","href":"https:\/\/api.w.org\/{rel}","templated":true}]}}